{"id":6140,"date":"2024-01-12T00:57:22","date_gmt":"2024-01-12T06:57:22","guid":{"rendered":"https:\/\/quintapuertadeagua.com\/?page_id=6140"},"modified":"2024-01-16T11:19:46","modified_gmt":"2024-01-16T17:19:46","slug":"elementor-6140","status":"publish","type":"page","link":"https:\/\/quintapuertadeagua.com\/?page_id=6140","title":{"rendered":"Registrate"},"content":{"rendered":"\t\t<div data-elementor-type=\"wp-page\" data-elementor-id=\"6140\" class=\"elementor elementor-6140\">\n\t\t\t\t\t\t<section class=\"elementor-section elementor-top-section elementor-element elementor-element-193f9887 elementor-section-boxed elementor-section-height-default elementor-section-height-default\" data-id=\"193f9887\" data-element_type=\"section\" data-settings=\"{&quot;background_background&quot;:&quot;classic&quot;}\">\n\t\t\t\t\t\t<div class=\"elementor-container elementor-column-gap-default\">\n\t\t\t\t\t<div class=\"elementor-column elementor-col-100 elementor-top-column elementor-element elementor-element-b3217fc\" data-id=\"b3217fc\" data-element_type=\"column\">\n\t\t\t<div class=\"elementor-widget-wrap elementor-element-populated\">\n\t\t\t\t\t\t<div class=\"elementor-element elementor-element-252dd769 elementor-widget elementor-widget-image\" data-id=\"252dd769\" data-element_type=\"widget\" data-widget_type=\"image.default\">\n\t\t\t\t<div class=\"elementor-widget-container\">\n\t\t\t\t\t\t\t\t\t\t\t\t\t\t\t<img decoding=\"async\" width=\"300\" height=\"150\" src=\"https:\/\/quintapuertadeagua.com\/wp-content\/uploads\/2024\/01\/logo.png\" class=\"attachment-large size-large wp-image-6122\" alt=\"\" loading=\"lazy\" \/>\t\t\t\t\t\t\t\t\t\t\t\t\t\t\t<\/div>\n\t\t\t\t<\/div>\n\t\t\t\t\t<\/div>\n\t\t<\/div>\n\t\t\t\t\t<\/div>\n\t\t<\/section>\n\t\t\t\t<section class=\"elementor-section elementor-top-section elementor-element elementor-element-31e3ac44 elementor-section-boxed elementor-section-height-default elementor-section-height-default\" data-id=\"31e3ac44\" data-element_type=\"section\" data-settings=\"{&quot;background_background&quot;:&quot;classic&quot;}\">\n\t\t\t\t\t\t<div class=\"elementor-container elementor-column-gap-default\">\n\t\t\t\t\t<div class=\"elementor-column elementor-col-100 elementor-top-column elementor-element elementor-element-1190773a\" data-id=\"1190773a\" data-element_type=\"column\">\n\t\t\t<div class=\"elementor-widget-wrap elementor-element-populated\">\n\t\t\t\t\t\t<div class=\"elementor-element elementor-element-113d983a elementor-widget elementor-widget-heading\" data-id=\"113d983a\" data-element_type=\"widget\" data-widget_type=\"heading.default\">\n\t\t\t\t<div class=\"elementor-widget-container\">\n\t\t\t\t\t<h2 class=\"elementor-heading-title elementor-size-default\">Reg\u00edstrate<\/h2>\t\t\t\t<\/div>\n\t\t\t\t<\/div>\n\t\t\t\t<section class=\"elementor-section elementor-inner-section elementor-element elementor-element-35a27ad4 elementor-section-boxed elementor-section-height-default elementor-section-height-default\" data-id=\"35a27ad4\" data-element_type=\"section\">\n\t\t\t\t\t\t<div class=\"elementor-container elementor-column-gap-default\">\n\t\t\t\t\t<div class=\"elementor-column elementor-col-50 elementor-inner-column elementor-element elementor-element-1781a004\" data-id=\"1781a004\" data-element_type=\"column\">\n\t\t\t<div class=\"elementor-widget-wrap elementor-element-populated\">\n\t\t\t\t\t\t<div class=\"elementor-element elementor-element-20a31749 elementor-widget elementor-widget-video\" data-id=\"20a31749\" data-element_type=\"widget\" data-settings=\"{&quot;youtube_url&quot;:&quot;https:\\\/\\\/www.youtube.com\\\/watch?v=FQBy0AqUAfc&amp;t=3s&quot;,&quot;video_type&quot;:&quot;youtube&quot;,&quot;controls&quot;:&quot;yes&quot;}\" data-widget_type=\"video.default\">\n\t\t\t\t<div class=\"elementor-widget-container\">\n\t\t\t\t\t\t\t<div class=\"elementor-wrapper elementor-open-inline\">\n\t\t\t<div class=\"elementor-video\"><\/div>\t\t<\/div>\n\t\t\t\t\t\t<\/div>\n\t\t\t\t<\/div>\n\t\t\t\t\t<\/div>\n\t\t<\/div>\n\t\t\t\t<div class=\"elementor-column elementor-col-50 elementor-inner-column elementor-element elementor-element-329b7d6\" data-id=\"329b7d6\" data-element_type=\"column\">\n\t\t\t<div class=\"elementor-widget-wrap elementor-element-populated\">\n\t\t\t\t\t\t<div class=\"elementor-element elementor-element-9a7813 elementor-widget__width-initial elementor-widget elementor-widget-text-editor\" data-id=\"9a7813\" data-element_type=\"widget\" data-widget_type=\"text-editor.default\">\n\t\t\t\t<div class=\"elementor-widget-container\">\n\t\t\t\t\t\t\t\t\t<p><strong>Wedding Trends 2024<\/strong><\/p>\t\t\t\t\t\t\t\t<\/div>\n\t\t\t\t<\/div>\n\t\t\t\t<div class=\"elementor-element elementor-element-4663dc9c elementor-widget elementor-widget-text-editor\" data-id=\"4663dc9c\" data-element_type=\"widget\" data-widget_type=\"text-editor.default\">\n\t\t\t\t<div class=\"elementor-widget-container\">\n\t\t\t\t\t\t\t\t\t<p><em>By Quinta Puerta de Agua<\/em><\/p>\t\t\t\t\t\t\t\t<\/div>\n\t\t\t\t<\/div>\n\t\t\t\t<div class=\"elementor-element elementor-element-1a279fe7 elementor-widget__width-initial elementor-widget elementor-widget-text-editor\" data-id=\"1a279fe7\" data-element_type=\"widget\" data-widget_type=\"text-editor.default\">\n\t\t\t\t<div class=\"elementor-widget-container\">\n\t\t\t\t\t\t\t\t\t<p>Una nueva experiencia para planear tu boda. Propuestas atrevidas y diferentes que no te puedes perder. Acomp\u00e1\u00f1anos el 10 de febrero a partir de las 11:00 am<\/p>\t\t\t\t\t\t\t\t<\/div>\n\t\t\t\t<\/div>\n\t\t\t\t\t<\/div>\n\t\t<\/div>\n\t\t\t\t\t<\/div>\n\t\t<\/section>\n\t\t\t\t\t<\/div>\n\t\t<\/div>\n\t\t\t\t\t<\/div>\n\t\t<\/section>\n\t\t\t\t<section class=\"elementor-section elementor-top-section elementor-element elementor-element-6e456f82 elementor-section-boxed elementor-section-height-default elementor-section-height-default\" data-id=\"6e456f82\" data-element_type=\"section\" data-settings=\"{&quot;background_background&quot;:&quot;classic&quot;}\">\n\t\t\t\t\t\t<div class=\"elementor-container elementor-column-gap-default\">\n\t\t\t\t\t<div class=\"elementor-column elementor-col-100 elementor-top-column elementor-element elementor-element-786ec3db\" data-id=\"786ec3db\" data-element_type=\"column\">\n\t\t\t<div class=\"elementor-widget-wrap elementor-element-populated\">\n\t\t\t\t\t\t<div class=\"elementor-element elementor-element-5d772f17 elementor-widget elementor-widget-text-editor\" data-id=\"5d772f17\" data-element_type=\"widget\" data-widget_type=\"text-editor.default\">\n\t\t\t\t<div class=\"elementor-widget-container\">\n\t\t\t\t\t\t\t\t\t<p>Reg\u00edstrate para:<\/p><ul><li>Platicar con un WP 1 a 1 y resolver dudas sobre la planeaci\u00f3n y proveedores de tu boda<\/li><li>Conocer nuevas tendencias de ambientaci\u00f3n<\/li><li>Degustar la nueva experiencia en mixolog\u00eda<\/li><\/ul>\t\t\t\t\t\t\t\t<\/div>\n\t\t\t\t<\/div>\n\t\t\t\t<section class=\"elementor-section elementor-inner-section elementor-element elementor-element-6fbcc4a8 elementor-section-boxed elementor-section-height-default elementor-section-height-default\" data-id=\"6fbcc4a8\" data-element_type=\"section\" data-settings=\"{&quot;background_background&quot;:&quot;classic&quot;}\">\n\t\t\t\t\t\t<div class=\"elementor-container elementor-column-gap-default\">\n\t\t\t\t\t<div class=\"elementor-column elementor-col-50 elementor-inner-column elementor-element elementor-element-3ee96bcd\" data-id=\"3ee96bcd\" data-element_type=\"column\">\n\t\t\t<div class=\"elementor-widget-wrap\">\n\t\t\t\t\t\t\t<\/div>\n\t\t<\/div>\n\t\t\t\t<div class=\"elementor-column elementor-col-50 elementor-inner-column elementor-element elementor-element-390f4f56\" data-id=\"390f4f56\" data-element_type=\"column\">\n\t\t\t<div class=\"elementor-widget-wrap elementor-element-populated\">\n\t\t\t\t\t\t<div class=\"elementor-element elementor-element-12e5402f elementor-widget__width-initial elementor-widget elementor-widget-html\" data-id=\"12e5402f\" data-element_type=\"widget\" data-widget_type=\"html.default\">\n\t\t\t\t<div class=\"elementor-widget-container\">\n\t\t\t\t\t<style>\r\n    .u-container-style:not([class*=\"u-align-\"]) {\r\n    text-align: left;\r\n    }\r\n    .u-layout-grid .u-gallery-inner {\r\n    display: grid;\r\n    grid-template-columns: repeat(3, auto);\r\n    flex: 1 1 auto;\r\n    }\r\n    .u-section-2 .u-gallery-inner-1 {\r\n    grid-template-columns: repeat(2, auto);\r\n    grid-gap: 10px;\r\n    }\r\n    .u-gallery-item .u-back-slide {\r\n    width: 90%;\r\n    height: 90%;\r\n    background-size: cover;\r\n    background-repeat: no-repeat;\r\n    background-position: 10% 10%;\r\n}\r\n<\/style>\r\n\r\n<div class=\"u-container-style u-layout-cell u-size-30 u-layout-cell-2\">\r\n                <div class=\"u-container-layout u-container-layout-2\">\r\n                  <div class=\"u-gallery u-layout-grid u-lightbox u-show-text-none u-gallery-1\" data-pswp-uid=\"1\">\r\n                    <div class=\"u-gallery-inner u-gallery-inner-1\">\r\n                     \r\n                      <div class=\"u-effect-hover-zoom u-gallery-item\" data-pswp-item-id=\"0\" data-gallery-uid=\"1\">\r\n                        <div class=\"u-back-slide\" data-image-width=\"150\" data-image-height=\"1500\">\r\n                          <img decoding=\"async\" class=\"u-back-image u-expanded\" src=\"https:\/\/pandapanda.mx\/wp-content\/uploads\/2022\/08\/Quinta-puerta-de-agua-Wedding-trends-005.png\" loading=\"lazy\">\r\n                        <\/div>\r\n                        <div class=\"u-over-slide u-shading u-over-slide-1\"><\/div>\r\n                      <\/div>\r\n                       <div class=\"u-effect-hover-zoom u-gallery-item\" data-pswp-item-id=\"1\" data-gallery-uid=\"2\">\r\n                        <div class=\"u-back-slide\" data-image-width=\"1500\" data-image-height=\"1500\">\r\n                          <img decoding=\"async\" class=\"u-back-image u-expanded\" src=\"https:\/\/pandapanda.mx\/wp-content\/uploads\/2022\/08\/Quinta-puerta-de-agua-Wedding-trends-002.png\" loading=\"lazy\">\r\n                        <\/div>\r\n                        <div class=\"u-over-slide u-shading u-over-slide-1\"><\/div>\r\n                      <\/div>\r\n                       <div class=\"u-effect-hover-zoom u-gallery-item\" data-pswp-item-id=\"0\" data-gallery-uid=\"1\">\r\n                        <div class=\"u-back-slide\" data-image-width=\"150\" data-image-height=\"1500\">\r\n                          <img decoding=\"async\" class=\"u-back-image u-expanded\" src=\"https:\/\/pandapanda.mx\/wp-content\/uploads\/2022\/08\/Quinta-puerta-de-agua-Wedding-trends-003.png\" loading=\"lazy\">\r\n                        <\/div>\r\n                        <div class=\"u-over-slide u-shading u-over-slide-1\"><\/div>\r\n                      <\/div>\r\n                       <div class=\"u-effect-hover-zoom u-gallery-item\" data-pswp-item-id=\"0\" data-gallery-uid=\"1\">\r\n                        <div class=\"u-back-slide\" data-image-width=\"150\" data-image-height=\"1500\">\r\n                          <img decoding=\"async\" class=\"u-back-image u-expanded\" src=\"https:\/\/pandapanda.mx\/wp-content\/uploads\/2022\/08\/Quinta-puerta-de-agua-Wedding-trends-004.png\" loading=\"lazy\">\r\n                        <\/div>\r\n                        <div class=\"u-over-slide u-shading u-over-slide-1\"><\/div>\r\n                      <\/div>\r\n                      <div class=\"u-effect-hover-zoom u-gallery-item\" data-pswp-item-id=\"1\" data-gallery-uid=\"1\">\r\n                        <div class=\"u-back-slide\" data-image-width=\"150\" data-image-height=\"150\">\r\n                          <img decoding=\"async\" class=\"u-back-image u-expanded\" src=\"https:\/\/pandapanda.mx\/wp-content\/uploads\/2022\/08\/Quinta-puerta-de-agua-Wedding-trends-008.png\" loading=\"lazy\">\r\n                        <\/div>\r\n                        <div class=\"u-over-slide u-shading u-over-slide-2\"><\/div>\r\n                      <\/div>\r\n                      <div class=\"u-effect-hover-zoom u-gallery-item\" data-pswp-item-id=\"5\" data-gallery-uid=\"1\">\r\n                        <div class=\"u-back-slide\" data-image-width=\"150\" data-image-height=\"150\">\r\n                          <img decoding=\"async\" class=\"u-back-image u-expanded\" src=\"https:\/\/pandapanda.mx\/wp-content\/uploads\/2022\/08\/Quinta-puerta-de-agua-Wedding-trends-006.png\" loading=\"lazy\">\r\n                        <\/div>\r\n                        <div class=\"u-over-slide u-shading u-over-slide-2\"><\/div>\r\n                      <\/div>\r\n                    <\/div>\r\n                  <\/div>\r\n                <\/div>\r\n              <\/div>\t\t\t\t<\/div>\n\t\t\t\t<\/div>\n\t\t\t\t\t<\/div>\n\t\t<\/div>\n\t\t\t\t\t<\/div>\n\t\t<\/section>\n\t\t\t\t\t<\/div>\n\t\t<\/div>\n\t\t\t\t\t<\/div>\n\t\t<\/section>\n\t\t\t\t<\/div>\n\t\t","protected":false},"excerpt":{"rendered":"<p>Reg\u00edstrate Wedding Trends 2024 By Quinta Puerta de Agua Una nueva experiencia para planear tu boda. Propuestas atrevidas y diferentes que no te puedes perder. Acomp\u00e1\u00f1anos el 10 de febrero a partir de las 11:00 am Reg\u00edstrate para: Platicar con un WP 1 a 1 y resolver dudas sobre la planeaci\u00f3n y proveedores de tu [&hellip;]<\/p>\n","protected":false},"author":5,"featured_media":0,"parent":0,"menu_order":0,"comment_status":"closed","ping_status":"closed","template":"","meta":{"footnotes":"","_joinchat":[]},"_links":{"self":[{"href":"https:\/\/quintapuertadeagua.com\/index.php?rest_route=\/wp\/v2\/pages\/6140"}],"collection":[{"href":"https:\/\/quintapuertadeagua.com\/index.php?rest_route=\/wp\/v2\/pages"}],"about":[{"href":"https:\/\/quintapuertadeagua.com\/index.php?rest_route=\/wp\/v2\/types\/page"}],"author":[{"embeddable":true,"href":"https:\/\/quintapuertadeagua.com\/index.php?rest_route=\/wp\/v2\/users\/5"}],"replies":[{"embeddable":true,"href":"https:\/\/quintapuertadeagua.com\/index.php?rest_route=%2Fwp%2Fv2%2Fcomments&post=6140"}],"version-history":[{"count":38,"href":"https:\/\/quintapuertadeagua.com\/index.php?rest_route=\/wp\/v2\/pages\/6140\/revisions"}],"predecessor-version":[{"id":6191,"href":"https:\/\/quintapuertadeagua.com\/index.php?rest_route=\/wp\/v2\/pages\/6140\/revisions\/6191"}],"wp:attachment":[{"href":"https:\/\/quintapuertadeagua.com\/index.php?rest_route=%2Fwp%2Fv2%2Fmedia&parent=6140"}],"curies":[{"name":"wp","href":"https:\/\/api.w.org\/{rel}","templated":true}]}}