{"id":4268,"date":"2021-10-03T00:38:35","date_gmt":"2021-10-03T00:38:35","guid":{"rendered":"https:\/\/quintapuertadeagua.com\/?page_id=4268"},"modified":"2022-03-01T14:32:53","modified_gmt":"2022-03-01T14:32:53","slug":"contacto","status":"publish","type":"page","link":"https:\/\/quintapuertadeagua.com\/?page_id=4268","title":{"rendered":"Contacto"},"content":{"rendered":"\t\t<div data-elementor-type=\"wp-page\" data-elementor-id=\"4268\" class=\"elementor elementor-4268\">\n\t\t\t\t\t\t<section class=\"elementor-section elementor-top-section elementor-element elementor-element-5d02ebe3 elementor-section-full_width elementor-section-height-min-height elementor-section-items-stretch elementor-section-content-bottom elementor-section-height-default\" data-id=\"5d02ebe3\" data-element_type=\"section\">\n\t\t\t\t\t\t<div class=\"elementor-container elementor-column-gap-no\">\n\t\t\t\t\t<div class=\"elementor-column elementor-col-50 elementor-top-column elementor-element elementor-element-3291e1f4\" data-id=\"3291e1f4\" data-element_type=\"column\" data-settings=\"{&quot;background_background&quot;:&quot;classic&quot;}\">\n\t\t\t<div class=\"elementor-widget-wrap elementor-element-populated\">\n\t\t\t\t\t\t<div class=\"elementor-element elementor-element-2b46bacb elementor-widget elementor-widget-heading\" data-id=\"2b46bacb\" data-element_type=\"widget\" data-widget_type=\"heading.default\">\n\t\t\t\t<div class=\"elementor-widget-container\">\n\t\t\t\t\t<h2 class=\"elementor-heading-title elementor-size-default\">Contacto<\/h2>\t\t\t\t<\/div>\n\t\t\t\t<\/div>\n\t\t\t\t<div class=\"elementor-element elementor-element-5603a0d2 elementor-widget elementor-widget-heading\" data-id=\"5603a0d2\" data-element_type=\"widget\" data-widget_type=\"heading.default\">\n\t\t\t\t<div class=\"elementor-widget-container\">\n\t\t\t\t\t<h6 class=\"elementor-heading-title elementor-size-default\">\u00a1Hablemos del d\u00eda de su Boda estamos.  seguros que nuestro enfoque y dise\u00f1o har\u00e1n \u00fanico su gran D\u00eda.<br><br><span style=\"font-family: Montserrat, sans-serif;font-size: 20px\">No dudes en escribirnos si tienes alguna sugerencia o comentario, estaremos encantados de responder a todas tus preguntas.<\/span><span style=\"font-family: Montserrat, sans-serif;font-size: 20px\"><\/span><\/h6>\t\t\t\t<\/div>\n\t\t\t\t<\/div>\n\t\t\t\t\t<\/div>\n\t\t<\/div>\n\t\t\t\t<div class=\"elementor-column elementor-col-25 elementor-top-column elementor-element elementor-element-7f54b766\" data-id=\"7f54b766\" data-element_type=\"column\">\n\t\t\t<div class=\"elementor-widget-wrap elementor-element-populated\">\n\t\t\t\t\t\t<div class=\"elementor-element elementor-element-929add2 elementor-widget elementor-widget-image\" data-id=\"929add2\" data-element_type=\"widget\" data-widget_type=\"image.default\">\n\t\t\t\t<div class=\"elementor-widget-container\">\n\t\t\t\t\t\t\t\t\t\t\t\t\t\t\t<img fetchpriority=\"high\" decoding=\"async\" width=\"474\" height=\"627\" src=\"https:\/\/quintapuertadeagua.com\/wp-content\/uploads\/2021\/09\/Quinta-puerta-de-agua-tu-boda27-e1633216220533.png\" class=\"attachment-full size-full wp-image-3661\" alt=\"\" srcset=\"https:\/\/quintapuertadeagua.com\/wp-content\/uploads\/2021\/09\/Quinta-puerta-de-agua-tu-boda27-e1633216220533.png 474w, https:\/\/quintapuertadeagua.com\/wp-content\/uploads\/2021\/09\/Quinta-puerta-de-agua-tu-boda27-e1633216220533-227x300.png 227w\" sizes=\"(max-width: 474px) 100vw, 474px\" \/>\t\t\t\t\t\t\t\t\t\t\t\t\t\t\t<\/div>\n\t\t\t\t<\/div>\n\t\t\t\t<div class=\"elementor-element elementor-element-5302f384 elementor-widget__width-auto elementor-absolute animated-slow elementor-widget elementor-widget-image\" data-id=\"5302f384\" data-element_type=\"widget\" data-settings=\"{&quot;_position&quot;:&quot;absolute&quot;,&quot;_animation&quot;:&quot;none&quot;,&quot;_animation_tablet&quot;:&quot;fadeInRight&quot;}\" data-widget_type=\"image.default\">\n\t\t\t\t<div class=\"elementor-widget-container\">\n\t\t\t\t\t\t\t\t\t\t\t\t\t\t\t<img decoding=\"async\" width=\"768\" height=\"402\" src=\"https:\/\/quintapuertadeagua.com\/wp-content\/uploads\/2021\/09\/Quinta-puerta-de-agua-tu-boda18-768x402.png\" class=\"attachment-medium_large size-medium_large wp-image-3652\" alt=\"\" srcset=\"https:\/\/quintapuertadeagua.com\/wp-content\/uploads\/2021\/09\/Quinta-puerta-de-agua-tu-boda18-768x402.png 768w, https:\/\/quintapuertadeagua.com\/wp-content\/uploads\/2021\/09\/Quinta-puerta-de-agua-tu-boda18-1024x536.png 1024w\" sizes=\"(max-width: 768px) 100vw, 768px\" loading=\"lazy\" \/>\t\t\t\t\t\t\t\t\t\t\t\t\t\t\t<\/div>\n\t\t\t\t<\/div>\n\t\t\t\t\t<\/div>\n\t\t<\/div>\n\t\t\t\t<div class=\"elementor-column elementor-col-25 elementor-top-column elementor-element elementor-element-22071da8\" data-id=\"22071da8\" data-element_type=\"column\">\n\t\t\t<div class=\"elementor-widget-wrap elementor-element-populated\">\n\t\t\t\t\t\t<div class=\"elementor-element elementor-element-4585e875 elementor-widget-mobile__width-initial animated-slow elementor-widget-tablet__width-initial elementor-invisible elementor-widget elementor-widget-spacer\" data-id=\"4585e875\" data-element_type=\"widget\" data-settings=\"{&quot;_animation&quot;:&quot;fadeInRight&quot;}\" data-widget_type=\"spacer.default\">\n\t\t\t\t<div class=\"elementor-widget-container\">\n\t\t\t\t\t\t\t<div class=\"elementor-spacer\">\n\t\t\t<div class=\"elementor-spacer-inner\"><\/div>\n\t\t<\/div>\n\t\t\t\t\t\t<\/div>\n\t\t\t\t<\/div>\n\t\t\t\t\t<\/div>\n\t\t<\/div>\n\t\t\t\t\t<\/div>\n\t\t<\/section>\n\t\t\t\t<section class=\"elementor-section elementor-top-section elementor-element elementor-element-34041380 elementor-section-full_width elementor-section-height-default elementor-section-height-default\" data-id=\"34041380\" data-element_type=\"section\">\n\t\t\t\t\t\t<div class=\"elementor-container elementor-column-gap-wide\">\n\t\t\t\t\t<div class=\"elementor-column elementor-col-100 elementor-top-column elementor-element elementor-element-6331942a\" data-id=\"6331942a\" data-element_type=\"column\">\n\t\t\t<div class=\"elementor-widget-wrap elementor-element-populated\">\n\t\t\t\t\t\t<section class=\"elementor-section elementor-inner-section elementor-element elementor-element-1f890c6e elementor-section-full_width elementor-section-height-default elementor-section-height-default\" data-id=\"1f890c6e\" data-element_type=\"section\">\n\t\t\t\t\t\t<div class=\"elementor-container elementor-column-gap-wider\">\n\t\t\t\t\t<div class=\"elementor-column elementor-col-100 elementor-inner-column elementor-element elementor-element-22646234\" data-id=\"22646234\" data-element_type=\"column\">\n\t\t\t<div class=\"elementor-widget-wrap elementor-element-populated\">\n\t\t\t\t\t\t<div class=\"elementor-element elementor-element-29a95a2d elementor-widget elementor-widget-heading\" data-id=\"29a95a2d\" data-element_type=\"widget\" data-widget_type=\"heading.default\">\n\t\t\t\t<div class=\"elementor-widget-container\">\n\t\t\t\t\t<h5 class=\"elementor-heading-title elementor-size-default\">Horarios<\/h5>\t\t\t\t<\/div>\n\t\t\t\t<\/div>\n\t\t\t\t<div class=\"elementor-element elementor-element-88cca3a elementor-widget elementor-widget-text-editor\" data-id=\"88cca3a\" data-element_type=\"widget\" data-widget_type=\"text-editor.default\">\n\t\t\t\t<div class=\"elementor-widget-container\">\n\t\t\t\t\t\t\t\t\t<p>Lunes a Viernes 10<span style=\"font-style: var( --e-global-typography-text-font-style ); letter-spacing: 0px; text-transform: var( --e-global-typography-text-text-transform );\">am &#8211; 7pm<\/span><\/p>\n<p><span style=\"font-style: var( --e-global-typography-text-font-style ); letter-spacing: 0px; text-transform: var( --e-global-typography-text-text-transform );\">S\u00e1bados y Domingos 10<\/span><span style=\"font-style: var( --e-global-typography-text-font-style ); letter-spacing: 0px; text-transform: var( --e-global-typography-text-text-transform );\">am &#8211; 1pm&nbsp;<\/span><\/p>\t\t\t\t\t\t\t\t<\/div>\n\t\t\t\t<\/div>\n\t\t\t\t\t<\/div>\n\t\t<\/div>\n\t\t\t\t\t<\/div>\n\t\t<\/section>\n\t\t\t\t<section class=\"elementor-section elementor-inner-section elementor-element elementor-element-47019f0 elementor-section-full_width elementor-section-height-default elementor-section-height-default\" data-id=\"47019f0\" data-element_type=\"section\">\n\t\t\t\t\t\t<div class=\"elementor-container elementor-column-gap-wider\">\n\t\t\t\t\t<div class=\"elementor-column elementor-col-100 elementor-inner-column elementor-element elementor-element-2591985\" data-id=\"2591985\" data-element_type=\"column\">\n\t\t\t<div class=\"elementor-widget-wrap elementor-element-populated\">\n\t\t\t\t\t\t<div class=\"elementor-element elementor-element-4920a29 elementor-widget elementor-widget-heading\" data-id=\"4920a29\" data-element_type=\"widget\" data-widget_type=\"heading.default\">\n\t\t\t\t<div class=\"elementor-widget-container\">\n\t\t\t\t\t<h5 class=\"elementor-heading-title elementor-size-default\">Informaci\u00f3n de Contato<\/h5>\t\t\t\t<\/div>\n\t\t\t\t<\/div>\n\t\t\t\t<div class=\"elementor-element elementor-element-626068d elementor-widget elementor-widget-text-editor\" data-id=\"626068d\" data-element_type=\"widget\" data-widget_type=\"text-editor.default\">\n\t\t\t\t<div class=\"elementor-widget-container\">\n\t\t\t\t\t\t\t\t\t<p><a href=\"http:\/\/tel:+52557774936220\">(777) 493 6220<\/a><\/p><p><a href=\"mailto:ventas@quintapuertadeagaua.com\">ventas@quintapuertadeagua.com<\/a><\/p>\t\t\t\t\t\t\t\t<\/div>\n\t\t\t\t<\/div>\n\t\t\t\t\t<\/div>\n\t\t<\/div>\n\t\t\t\t\t<\/div>\n\t\t<\/section>\n\t\t\t\t<section class=\"elementor-section elementor-inner-section elementor-element elementor-element-023529e elementor-section-full_width elementor-section-height-default elementor-section-height-default\" data-id=\"023529e\" data-element_type=\"section\">\n\t\t\t\t\t\t<div class=\"elementor-container elementor-column-gap-wider\">\n\t\t\t\t\t<div class=\"elementor-column elementor-col-100 elementor-inner-column elementor-element elementor-element-d0787b6\" data-id=\"d0787b6\" data-element_type=\"column\">\n\t\t\t<div class=\"elementor-widget-wrap elementor-element-populated\">\n\t\t\t\t\t\t<div class=\"elementor-element elementor-element-c4de8ed elementor-widget elementor-widget-heading\" data-id=\"c4de8ed\" data-element_type=\"widget\" data-widget_type=\"heading.default\">\n\t\t\t\t<div class=\"elementor-widget-container\">\n\t\t\t\t\t<h5 class=\"elementor-heading-title elementor-size-default\">Direcci\u00f3n<\/h5>\t\t\t\t<\/div>\n\t\t\t\t<\/div>\n\t\t\t\t<div class=\"elementor-element elementor-element-54b5b2f elementor-widget elementor-widget-text-editor\" data-id=\"54b5b2f\" data-element_type=\"widget\" data-widget_type=\"text-editor.default\">\n\t\t\t\t<div class=\"elementor-widget-container\">\n\t\t\t\t\t\t\t\t\t<p>Cam. Real Del Puente 1,<\/p><p><span style=\"color: var( --e-global-color-secondary ); font-style: var( --e-global-typography-text-font-style ); letter-spacing: 0px; text-transform: var( --e-global-typography-text-text-transform );\">Lomas del Manantial,\u00a0<\/span><\/p><p><span style=\"color: var( --e-global-color-secondary ); font-style: var( --e-global-typography-text-font-style ); letter-spacing: 0px; text-transform: var( --e-global-typography-text-text-transform );\">62795, Tezoyuca,\u00a0Morelos, M\u00e9xico.<\/span><\/p>\t\t\t\t\t\t\t\t<\/div>\n\t\t\t\t<\/div>\n\t\t\t\t\t<\/div>\n\t\t<\/div>\n\t\t\t\t\t<\/div>\n\t\t<\/section>\n\t\t\t\t\t<\/div>\n\t\t<\/div>\n\t\t\t\t\t<\/div>\n\t\t<\/section>\n\t\t\t\t<section class=\"elementor-section elementor-top-section elementor-element elementor-element-1b62d430 elementor-section-boxed elementor-section-height-default elementor-section-height-default\" data-id=\"1b62d430\" data-element_type=\"section\">\n\t\t\t\t\t\t<div class=\"elementor-container elementor-column-gap-no\">\n\t\t\t\t\t<div class=\"elementor-column elementor-col-100 elementor-top-column elementor-element elementor-element-32b96c62\" data-id=\"32b96c62\" data-element_type=\"column\">\n\t\t\t<div class=\"elementor-widget-wrap elementor-element-populated\">\n\t\t\t\t\t\t<div class=\"elementor-element elementor-element-18d9c3bd elementor-widget elementor-widget-heading\" data-id=\"18d9c3bd\" data-element_type=\"widget\" data-widget_type=\"heading.default\">\n\t\t\t\t<div class=\"elementor-widget-container\">\n\t\t\t\t\t<p class=\"elementor-heading-title elementor-size-default\">Complete el siguiente formulario y nos comunicaremos con usted lo antes posible.<\/p>\t\t\t\t<\/div>\n\t\t\t\t<\/div>\n\t\t\t\t\t<\/div>\n\t\t<\/div>\n\t\t\t\t\t<\/div>\n\t\t<\/section>\n\t\t\t\t<section class=\"elementor-section elementor-top-section elementor-element elementor-element-705970b6 elementor-section-boxed elementor-section-height-default elementor-section-height-default\" data-id=\"705970b6\" data-element_type=\"section\">\n\t\t\t\t\t\t<div class=\"elementor-container elementor-column-gap-default\">\n\t\t\t\t\t<div class=\"elementor-column elementor-col-100 elementor-top-column elementor-element elementor-element-2e640006\" data-id=\"2e640006\" data-element_type=\"column\">\n\t\t\t<div class=\"elementor-widget-wrap elementor-element-populated\">\n\t\t\t\t\t\t<section class=\"elementor-section elementor-inner-section elementor-element elementor-element-4749eed7 elementor-section-boxed elementor-section-height-default elementor-section-height-default\" data-id=\"4749eed7\" data-element_type=\"section\">\n\t\t\t\t\t\t<div class=\"elementor-container elementor-column-gap-no\">\n\t\t\t\t\t<div class=\"elementor-column elementor-col-100 elementor-inner-column elementor-element elementor-element-4efd32a8\" data-id=\"4efd32a8\" data-element_type=\"column\">\n\t\t\t<div class=\"elementor-widget-wrap elementor-element-populated\">\n\t\t\t\t\t\t<div class=\"elementor-element elementor-element-4e91605a elementor-widget elementor-widget-heading\" data-id=\"4e91605a\" data-element_type=\"widget\" data-widget_type=\"heading.default\">\n\t\t\t\t<div class=\"elementor-widget-container\">\n\t\t\t\t\t<h3 class=\"elementor-heading-title elementor-size-default\">Ubicaci\u00f3n<\/h3>\t\t\t\t<\/div>\n\t\t\t\t<\/div>\n\t\t\t\t<div class=\"elementor-element elementor-element-34ee031e elementor-widget elementor-widget-text-editor\" data-id=\"34ee031e\" data-element_type=\"widget\" data-widget_type=\"text-editor.default\">\n\t\t\t\t<div class=\"elementor-widget-container\">\n\t\t\t\t\t\t\t\t\t<p>Nos encontramos a menos de una hora de distancia por la autopista M\u00e9xico Cuernavaca en el municipio de Xochitepec, Morelos.\u00a0<\/p>\t\t\t\t\t\t\t\t<\/div>\n\t\t\t\t<\/div>\n\t\t\t\t\t<\/div>\n\t\t<\/div>\n\t\t\t\t\t<\/div>\n\t\t<\/section>\n\t\t\t\t<div class=\"elementor-element elementor-element-66338e18 elementor-widget elementor-widget-google_maps\" data-id=\"66338e18\" data-element_type=\"widget\" data-widget_type=\"google_maps.default\">\n\t\t\t\t<div class=\"elementor-widget-container\">\n\t\t\t\t\t\t\t<div class=\"elementor-custom-embed\">\n\t\t\t<iframe loading=\"lazy\"\n\t\t\t\t\tsrc=\"https:\/\/maps.google.com\/maps?q=quinta%20puerta%20de%20agua&#038;t=m&#038;z=14&#038;output=embed&#038;iwloc=near\"\n\t\t\t\t\ttitle=\"quinta puerta de agua\"\n\t\t\t\t\taria-label=\"quinta puerta de agua\"\n\t\t\t><\/iframe>\n\t\t<\/div>\n\t\t\t\t\t\t<\/div>\n\t\t\t\t<\/div>\n\t\t\t\t<div class=\"elementor-element elementor-element-58f14028 elementor-widget__width-initial elementor-absolute elementor-widget-mobile__width-initial animated-slow elementor-invisible elementor-widget elementor-widget-spacer\" data-id=\"58f14028\" data-element_type=\"widget\" data-settings=\"{&quot;_position&quot;:&quot;absolute&quot;,&quot;_animation&quot;:&quot;fadeInLeft&quot;}\" data-widget_type=\"spacer.default\">\n\t\t\t\t<div class=\"elementor-widget-container\">\n\t\t\t\t\t\t\t<div class=\"elementor-spacer\">\n\t\t\t<div class=\"elementor-spacer-inner\"><\/div>\n\t\t<\/div>\n\t\t\t\t\t\t<\/div>\n\t\t\t\t<\/div>\n\t\t\t\t<div class=\"elementor-element elementor-element-4fad2252 elementor-widget__width-initial elementor-absolute elementor-widget-mobile__width-initial animated-slow elementor-invisible elementor-widget elementor-widget-spacer\" data-id=\"4fad2252\" data-element_type=\"widget\" data-settings=\"{&quot;_position&quot;:&quot;absolute&quot;,&quot;_animation&quot;:&quot;fadeInRight&quot;}\" data-widget_type=\"spacer.default\">\n\t\t\t\t<div class=\"elementor-widget-container\">\n\t\t\t\t\t\t\t<div class=\"elementor-spacer\">\n\t\t\t<div class=\"elementor-spacer-inner\"><\/div>\n\t\t<\/div>\n\t\t\t\t\t\t<\/div>\n\t\t\t\t<\/div>\n\t\t\t\t\t<\/div>\n\t\t<\/div>\n\t\t\t\t\t<\/div>\n\t\t<\/section>\n\t\t\t\t<section class=\"elementor-section elementor-top-section elementor-element elementor-element-33008091 elementor-section-content-middle elementor-section-boxed elementor-section-height-default elementor-section-height-default\" data-id=\"33008091\" data-element_type=\"section\">\n\t\t\t\t\t\t<div class=\"elementor-container elementor-column-gap-default\">\n\t\t\t\t\t<div class=\"elementor-column elementor-col-100 elementor-top-column elementor-element elementor-element-43366202\" data-id=\"43366202\" data-element_type=\"column\">\n\t\t\t<div class=\"elementor-widget-wrap elementor-element-populated\">\n\t\t\t\t\t\t<div class=\"elementor-element elementor-element-7e181bed elementor-widget__width-auto elementor-absolute elementor-view-default elementor-widget elementor-widget-icon\" data-id=\"7e181bed\" data-element_type=\"widget\" data-settings=\"{&quot;_position&quot;:&quot;absolute&quot;}\" data-widget_type=\"icon.default\">\n\t\t\t\t<div class=\"elementor-widget-container\">\n\t\t\t\t\t\t\t<div class=\"elementor-icon-wrapper\">\n\t\t\t<div class=\"elementor-icon\">\n\t\t\t\t\t\t<\/div>\n\t\t<\/div>\n\t\t\t\t\t\t<\/div>\n\t\t\t\t<\/div>\n\t\t\t\t\t<\/div>\n\t\t<\/div>\n\t\t\t\t\t<\/div>\n\t\t<\/section>\n\t\t\t\t<\/div>\n\t\t","protected":false},"excerpt":{"rendered":"<p>Contacto \u00a1Hablemos del d\u00eda de su Boda estamos. seguros que nuestro enfoque y dise\u00f1o har\u00e1n \u00fanico su gran D\u00eda. No dudes en escribirnos si tienes alguna sugerencia o comentario, estaremos encantados de responder a todas tus preguntas. Horarios Lunes a Viernes 10am &#8211; 7pm S\u00e1bados y Domingos 10am &#8211; 1pm&nbsp; Informaci\u00f3n de Contato (777) 493 [&hellip;]<\/p>\n","protected":false},"author":5,"featured_media":4169,"parent":0,"menu_order":0,"comment_status":"closed","ping_status":"closed","template":"","meta":{"footnotes":"","_joinchat":[]},"_links":{"self":[{"href":"https:\/\/quintapuertadeagua.com\/index.php?rest_route=\/wp\/v2\/pages\/4268"}],"collection":[{"href":"https:\/\/quintapuertadeagua.com\/index.php?rest_route=\/wp\/v2\/pages"}],"about":[{"href":"https:\/\/quintapuertadeagua.com\/index.php?rest_route=\/wp\/v2\/types\/page"}],"author":[{"embeddable":true,"href":"https:\/\/quintapuertadeagua.com\/index.php?rest_route=\/wp\/v2\/users\/5"}],"replies":[{"embeddable":true,"href":"https:\/\/quintapuertadeagua.com\/index.php?rest_route=%2Fwp%2Fv2%2Fcomments&post=4268"}],"version-history":[{"count":65,"href":"https:\/\/quintapuertadeagua.com\/index.php?rest_route=\/wp\/v2\/pages\/4268\/revisions"}],"predecessor-version":[{"id":5029,"href":"https:\/\/quintapuertadeagua.com\/index.php?rest_route=\/wp\/v2\/pages\/4268\/revisions\/5029"}],"wp:featuredmedia":[{"embeddable":true,"href":"https:\/\/quintapuertadeagua.com\/index.php?rest_route=\/wp\/v2\/media\/4169"}],"wp:attachment":[{"href":"https:\/\/quintapuertadeagua.com\/index.php?rest_route=%2Fwp%2Fv2%2Fmedia&parent=4268"}],"curies":[{"name":"wp","href":"https:\/\/api.w.org\/{rel}","templated":true}]}}