{"id":1165,"date":"2019-11-01T08:20:34","date_gmt":"2019-11-01T08:20:34","guid":{"rendered":"https:\/\/quintapuertadeagua.com\/?page_id=1165"},"modified":"2023-10-04T15:00:43","modified_gmt":"2023-10-04T21:00:43","slug":"servicios","status":"publish","type":"page","link":"https:\/\/quintapuertadeagua.com\/?page_id=1165","title":{"rendered":"Servicios"},"content":{"rendered":"\t\t<div data-elementor-type=\"wp-page\" data-elementor-id=\"1165\" class=\"elementor elementor-1165\">\n\t\t\t\t\t\t<section class=\"elementor-section elementor-top-section elementor-element elementor-element-1b054bee elementor-section-full_width elementor-section-height-min-height elementor-section-items-stretch elementor-section-content-bottom elementor-section-height-default\" data-id=\"1b054bee\" data-element_type=\"section\">\n\t\t\t\t\t\t<div class=\"elementor-container elementor-column-gap-no\">\n\t\t\t\t\t<div class=\"elementor-column elementor-col-50 elementor-top-column elementor-element elementor-element-7b3fd0ba\" data-id=\"7b3fd0ba\" data-element_type=\"column\" data-settings=\"{&quot;background_background&quot;:&quot;classic&quot;}\">\n\t\t\t<div class=\"elementor-widget-wrap elementor-element-populated\">\n\t\t\t\t\t\t<div class=\"elementor-element elementor-element-44e6f212 elementor-widget elementor-widget-heading\" data-id=\"44e6f212\" data-element_type=\"widget\" data-widget_type=\"heading.default\">\n\t\t\t\t<div class=\"elementor-widget-container\">\n\t\t\t\t\t<h1 class=\"elementor-heading-title elementor-size-default\">Servicios<\/h1>\t\t\t\t<\/div>\n\t\t\t\t<\/div>\n\t\t\t\t<div class=\"elementor-element elementor-element-1aee691e elementor-widget elementor-widget-heading\" data-id=\"1aee691e\" data-element_type=\"widget\" data-widget_type=\"heading.default\">\n\t\t\t\t<div class=\"elementor-widget-container\">\n\t\t\t\t\t<h6 class=\"elementor-heading-title elementor-size-default\">Tenemos todos los servicios para su gran d\u00eda<\/h6>\t\t\t\t<\/div>\n\t\t\t\t<\/div>\n\t\t\t\t\t<\/div>\n\t\t<\/div>\n\t\t\t\t<div class=\"elementor-column elementor-col-25 elementor-top-column elementor-element elementor-element-168213b7\" data-id=\"168213b7\" data-element_type=\"column\">\n\t\t\t<div class=\"elementor-widget-wrap elementor-element-populated\">\n\t\t\t\t\t\t<div class=\"elementor-element elementor-element-8d5193c elementor-invisible elementor-widget elementor-widget-image\" data-id=\"8d5193c\" data-element_type=\"widget\" data-settings=\"{&quot;_animation&quot;:&quot;fadeInRight&quot;}\" data-widget_type=\"image.default\">\n\t\t\t\t<div class=\"elementor-widget-container\">\n\t\t\t\t\t\t\t\t\t\t\t\t\t\t\t<img fetchpriority=\"high\" decoding=\"async\" width=\"2560\" height=\"1707\" src=\"https:\/\/quintapuertadeagua.com\/wp-content\/uploads\/2019\/12\/2Q6A1648-1-scaled.jpg\" class=\"attachment-full size-full wp-image-1774\" alt=\"\" srcset=\"https:\/\/quintapuertadeagua.com\/wp-content\/uploads\/2019\/12\/2Q6A1648-1-scaled.jpg 2560w, https:\/\/quintapuertadeagua.com\/wp-content\/uploads\/2019\/12\/2Q6A1648-1-300x200.jpg 300w, https:\/\/quintapuertadeagua.com\/wp-content\/uploads\/2019\/12\/2Q6A1648-1-1024x683.jpg 1024w, https:\/\/quintapuertadeagua.com\/wp-content\/uploads\/2019\/12\/2Q6A1648-1-768x512.jpg 768w, https:\/\/quintapuertadeagua.com\/wp-content\/uploads\/2019\/12\/2Q6A1648-1-1536x1024.jpg 1536w, https:\/\/quintapuertadeagua.com\/wp-content\/uploads\/2019\/12\/2Q6A1648-1-2048x1365.jpg 2048w\" sizes=\"(max-width: 2560px) 100vw, 2560px\" \/>\t\t\t\t\t\t\t\t\t\t\t\t\t\t\t<\/div>\n\t\t\t\t<\/div>\n\t\t\t\t\t<\/div>\n\t\t<\/div>\n\t\t\t\t<div class=\"elementor-column elementor-col-25 elementor-top-column elementor-element elementor-element-3d4f51cb\" data-id=\"3d4f51cb\" data-element_type=\"column\">\n\t\t\t<div class=\"elementor-widget-wrap elementor-element-populated\">\n\t\t\t\t\t\t<div class=\"elementor-element elementor-element-1375c4d2 elementor-widget-mobile__width-initial animated-slow elementor-widget-tablet__width-initial elementor-invisible elementor-widget elementor-widget-spacer\" data-id=\"1375c4d2\" data-element_type=\"widget\" data-settings=\"{&quot;_animation&quot;:&quot;fadeInRight&quot;}\" data-widget_type=\"spacer.default\">\n\t\t\t\t<div class=\"elementor-widget-container\">\n\t\t\t\t\t\t\t<div class=\"elementor-spacer\">\n\t\t\t<div class=\"elementor-spacer-inner\"><\/div>\n\t\t<\/div>\n\t\t\t\t\t\t<\/div>\n\t\t\t\t<\/div>\n\t\t\t\t\t<\/div>\n\t\t<\/div>\n\t\t\t\t\t<\/div>\n\t\t<\/section>\n\t\t\t\t<section class=\"elementor-section elementor-top-section elementor-element elementor-element-14a08a9c elementor-section-full_width elementor-section-height-default elementor-section-height-default\" data-id=\"14a08a9c\" data-element_type=\"section\">\n\t\t\t\t\t\t<div class=\"elementor-container elementor-column-gap-no\">\n\t\t\t\t\t<div class=\"elementor-column elementor-col-50 elementor-top-column elementor-element elementor-element-5d89129d\" data-id=\"5d89129d\" data-element_type=\"column\" data-settings=\"{&quot;background_background&quot;:&quot;classic&quot;}\">\n\t\t\t<div class=\"elementor-widget-wrap elementor-element-populated\">\n\t\t\t\t\t\t<div class=\"elementor-element elementor-element-29d8238 elementor-widget elementor-widget-image\" data-id=\"29d8238\" data-element_type=\"widget\" data-widget_type=\"image.default\">\n\t\t\t\t<div class=\"elementor-widget-container\">\n\t\t\t\t\t\t\t\t\t\t\t\t\t\t\t<img decoding=\"async\" width=\"800\" height=\"800\" src=\"https:\/\/quintapuertadeagua.com\/wp-content\/uploads\/2019\/11\/QPA_LGBT_2-e1575961457185-1024x1024.jpg\" class=\"attachment-large size-large wp-image-1321\" alt=\"\" srcset=\"https:\/\/quintapuertadeagua.com\/wp-content\/uploads\/2019\/11\/QPA_LGBT_2-e1575961457185-1024x1024.jpg 1024w, https:\/\/quintapuertadeagua.com\/wp-content\/uploads\/2019\/11\/QPA_LGBT_2-e1575961457185-300x300.jpg 300w, https:\/\/quintapuertadeagua.com\/wp-content\/uploads\/2019\/11\/QPA_LGBT_2-e1575961457185-150x150.jpg 150w, https:\/\/quintapuertadeagua.com\/wp-content\/uploads\/2019\/11\/QPA_LGBT_2-e1575961457185-768x768.jpg 768w, https:\/\/quintapuertadeagua.com\/wp-content\/uploads\/2019\/11\/QPA_LGBT_2-e1575961457185.jpg 1125w\" sizes=\"(max-width: 800px) 100vw, 800px\" loading=\"lazy\" \/>\t\t\t\t\t\t\t\t\t\t\t\t\t\t\t<\/div>\n\t\t\t\t<\/div>\n\t\t\t\t\t<\/div>\n\t\t<\/div>\n\t\t\t\t<div class=\"elementor-column elementor-col-50 elementor-top-column elementor-element elementor-element-236c6b75\" data-id=\"236c6b75\" data-element_type=\"column\">\n\t\t\t<div class=\"elementor-widget-wrap elementor-element-populated\">\n\t\t\t\t\t\t<div class=\"elementor-element elementor-element-715ffc57 elementor-widget elementor-widget-heading\" data-id=\"715ffc57\" data-element_type=\"widget\" data-widget_type=\"heading.default\">\n\t\t\t\t<div class=\"elementor-widget-container\">\n\t\t\t\t\t<h2 class=\"elementor-heading-title elementor-size-default\">Gesti\u00f3n de Ceremonias<\/h2>\t\t\t\t<\/div>\n\t\t\t\t<\/div>\n\t\t\t\t<div class=\"elementor-element elementor-element-aa00d00 elementor-widget elementor-widget-text-editor\" data-id=\"aa00d00\" data-element_type=\"widget\" data-widget_type=\"text-editor.default\">\n\t\t\t\t<div class=\"elementor-widget-container\">\n\t\t\t\t\t\t\t\t\t<p style=\"text-align: justify;\">Dentro de nuestro servicio de <strong>\u00abEvent Planner\u00bb<\/strong> contamos con las credenciales para gestionar la inscripci\u00f3n y registro del <strong>matrimonio civil. <\/strong>As\u00ed como tambi\u00e9n apoyamos a las parejas a realizar sus tr\u00e1mites religiosos con las diferentes iglesias.<\/p>\t\t\t\t\t\t\t\t<\/div>\n\t\t\t\t<\/div>\n\t\t\t\t<div class=\"elementor-element elementor-element-107fd32 elementor-widget elementor-widget-button\" data-id=\"107fd32\" data-element_type=\"widget\" data-widget_type=\"button.default\">\n\t\t\t\t<div class=\"elementor-widget-container\">\n\t\t\t\t\t\t\t\t\t<div class=\"elementor-button-wrapper\">\n\t\t\t\t\t<a class=\"elementor-button elementor-button-link elementor-size-sm\" href=\"https:\/\/quintapuertadeagua.com\/?page_id=4268\">\n\t\t\t\t\t\t<span class=\"elementor-button-content-wrapper\">\n\t\t\t\t\t\t\t\t\t<span class=\"elementor-button-text\">Solicita una cotizaci\u00f3n<\/span>\n\t\t\t\t\t<\/span>\n\t\t\t\t\t<\/a>\n\t\t\t\t<\/div>\n\t\t\t\t\t\t\t\t<\/div>\n\t\t\t\t<\/div>\n\t\t\t\t\t<\/div>\n\t\t<\/div>\n\t\t\t\t\t<\/div>\n\t\t<\/section>\n\t\t\t\t<section class=\"elementor-section elementor-top-section elementor-element elementor-element-7bc782a2 elementor-section-full_width elementor-reverse-tablet elementor-reverse-mobile elementor-section-height-default elementor-section-height-default\" data-id=\"7bc782a2\" data-element_type=\"section\">\n\t\t\t\t\t\t<div class=\"elementor-container elementor-column-gap-no\">\n\t\t\t\t\t<div class=\"elementor-column elementor-col-50 elementor-top-column elementor-element elementor-element-73017169\" data-id=\"73017169\" data-element_type=\"column\">\n\t\t\t<div class=\"elementor-widget-wrap elementor-element-populated\">\n\t\t\t\t\t\t<div class=\"elementor-element elementor-element-2177d152 elementor-widget elementor-widget-heading\" data-id=\"2177d152\" data-element_type=\"widget\" data-widget_type=\"heading.default\">\n\t\t\t\t<div class=\"elementor-widget-container\">\n\t\t\t\t\t<h2 class=\"elementor-heading-title elementor-size-default\">banquetes y alimentos<\/h2>\t\t\t\t<\/div>\n\t\t\t\t<\/div>\n\t\t\t\t<div class=\"elementor-element elementor-element-1fdaf0c8 elementor-widget elementor-widget-text-editor\" data-id=\"1fdaf0c8\" data-element_type=\"widget\" data-widget_type=\"text-editor.default\">\n\t\t\t\t<div class=\"elementor-widget-container\">\n\t\t\t\t\t\t\t\t\t<section data-id=\"c6f4e12\" data-element_type=\"section\"><div><div><div data-id=\"f9e9fa9\" data-element_type=\"column\"><div><div><div data-id=\"aaa33c6\" data-element_type=\"widget\" data-widget_type=\"text-editor.default\"><div><div><p style=\"text-align: justify;\">Contamos con una amplia gama de servicios en alimentos, donde nuestros chefs dise\u00f1an y crean experiencias culinarias para los paladares m\u00e1s exigentes.<\/p><\/div><\/div><\/div><\/div><\/div><\/div><\/div><\/div><\/section>\t\t\t\t\t\t\t\t<\/div>\n\t\t\t\t<\/div>\n\t\t\t\t<div class=\"elementor-element elementor-element-86bc40e elementor-widget elementor-widget-button\" data-id=\"86bc40e\" data-element_type=\"widget\" data-widget_type=\"button.default\">\n\t\t\t\t<div class=\"elementor-widget-container\">\n\t\t\t\t\t\t\t\t\t<div class=\"elementor-button-wrapper\">\n\t\t\t\t\t<a class=\"elementor-button elementor-button-link elementor-size-sm\" href=\"https:\/\/quintapuertadeagua.com\/contacto\/\">\n\t\t\t\t\t\t<span class=\"elementor-button-content-wrapper\">\n\t\t\t\t\t\t\t\t\t<span class=\"elementor-button-text\">Solicita una cotizaci\u00f3n<\/span>\n\t\t\t\t\t<\/span>\n\t\t\t\t\t<\/a>\n\t\t\t\t<\/div>\n\t\t\t\t\t\t\t\t<\/div>\n\t\t\t\t<\/div>\n\t\t\t\t\t<\/div>\n\t\t<\/div>\n\t\t\t\t<div class=\"elementor-column elementor-col-50 elementor-top-column elementor-element elementor-element-173cba5e\" data-id=\"173cba5e\" data-element_type=\"column\" data-settings=\"{&quot;background_background&quot;:&quot;classic&quot;}\">\n\t\t\t<div class=\"elementor-widget-wrap elementor-element-populated\">\n\t\t\t\t\t\t<div class=\"elementor-element elementor-element-828fc93 elementor-widget elementor-widget-image\" data-id=\"828fc93\" data-element_type=\"widget\" data-widget_type=\"image.default\">\n\t\t\t\t<div class=\"elementor-widget-container\">\n\t\t\t\t\t\t\t\t\t\t\t\t\t\t\t<img decoding=\"async\" width=\"1708\" height=\"1707\" src=\"https:\/\/quintapuertadeagua.com\/wp-content\/uploads\/2021\/10\/Quinta-puerta-agua-jardin-110-scaled-e1633230020745.jpg\" class=\"attachment-full size-full wp-image-4331\" alt=\"\" srcset=\"https:\/\/quintapuertadeagua.com\/wp-content\/uploads\/2021\/10\/Quinta-puerta-agua-jardin-110-scaled-e1633230020745.jpg 1708w, https:\/\/quintapuertadeagua.com\/wp-content\/uploads\/2021\/10\/Quinta-puerta-agua-jardin-110-scaled-e1633230020745-300x300.jpg 300w, https:\/\/quintapuertadeagua.com\/wp-content\/uploads\/2021\/10\/Quinta-puerta-agua-jardin-110-scaled-e1633230020745-1024x1024.jpg 1024w, https:\/\/quintapuertadeagua.com\/wp-content\/uploads\/2021\/10\/Quinta-puerta-agua-jardin-110-scaled-e1633230020745-150x150.jpg 150w, https:\/\/quintapuertadeagua.com\/wp-content\/uploads\/2021\/10\/Quinta-puerta-agua-jardin-110-scaled-e1633230020745-768x768.jpg 768w, https:\/\/quintapuertadeagua.com\/wp-content\/uploads\/2021\/10\/Quinta-puerta-agua-jardin-110-scaled-e1633230020745-1536x1536.jpg 1536w\" sizes=\"(max-width: 1708px) 100vw, 1708px\" loading=\"lazy\" \/>\t\t\t\t\t\t\t\t\t\t\t\t\t\t\t<\/div>\n\t\t\t\t<\/div>\n\t\t\t\t\t<\/div>\n\t\t<\/div>\n\t\t\t\t\t<\/div>\n\t\t<\/section>\n\t\t\t\t<section class=\"elementor-section elementor-top-section elementor-element elementor-element-5000487c elementor-section-full_width elementor-section-height-default elementor-section-height-default\" data-id=\"5000487c\" data-element_type=\"section\">\n\t\t\t\t\t\t<div class=\"elementor-container elementor-column-gap-no\">\n\t\t\t\t\t<div class=\"elementor-column elementor-col-50 elementor-top-column elementor-element elementor-element-69df1982\" data-id=\"69df1982\" data-element_type=\"column\" data-settings=\"{&quot;background_background&quot;:&quot;classic&quot;}\">\n\t\t\t<div class=\"elementor-widget-wrap elementor-element-populated\">\n\t\t\t\t\t\t<div class=\"elementor-element elementor-element-8d4e03c elementor-widget elementor-widget-image\" data-id=\"8d4e03c\" data-element_type=\"widget\" data-widget_type=\"image.default\">\n\t\t\t\t<div class=\"elementor-widget-container\">\n\t\t\t\t\t\t\t\t\t\t\t\t\t\t\t<img loading=\"lazy\" decoding=\"async\" width=\"1708\" height=\"1708\" src=\"https:\/\/quintapuertadeagua.com\/wp-content\/uploads\/2021\/09\/Quinta-puerta-agua-jardin-10.png\" class=\"attachment-full size-full wp-image-4164\" alt=\"\" srcset=\"https:\/\/quintapuertadeagua.com\/wp-content\/uploads\/2021\/09\/Quinta-puerta-agua-jardin-10.png 1708w, https:\/\/quintapuertadeagua.com\/wp-content\/uploads\/2021\/09\/Quinta-puerta-agua-jardin-10-300x300.png 300w, https:\/\/quintapuertadeagua.com\/wp-content\/uploads\/2021\/09\/Quinta-puerta-agua-jardin-10-1024x1024.png 1024w, https:\/\/quintapuertadeagua.com\/wp-content\/uploads\/2021\/09\/Quinta-puerta-agua-jardin-10-150x150.png 150w, https:\/\/quintapuertadeagua.com\/wp-content\/uploads\/2021\/09\/Quinta-puerta-agua-jardin-10-768x768.png 768w, https:\/\/quintapuertadeagua.com\/wp-content\/uploads\/2021\/09\/Quinta-puerta-agua-jardin-10-1536x1536.png 1536w\" sizes=\"(max-width: 1708px) 100vw, 1708px\" \/>\t\t\t\t\t\t\t\t\t\t\t\t\t\t\t<\/div>\n\t\t\t\t<\/div>\n\t\t\t\t\t<\/div>\n\t\t<\/div>\n\t\t\t\t<div class=\"elementor-column elementor-col-50 elementor-top-column elementor-element elementor-element-338e2777\" data-id=\"338e2777\" data-element_type=\"column\">\n\t\t\t<div class=\"elementor-widget-wrap elementor-element-populated\">\n\t\t\t\t\t\t<div class=\"elementor-element elementor-element-3421488c elementor-widget elementor-widget-heading\" data-id=\"3421488c\" data-element_type=\"widget\" data-widget_type=\"heading.default\">\n\t\t\t\t<div class=\"elementor-widget-container\">\n\t\t\t\t\t<h2 class=\"elementor-heading-title elementor-size-default\">\u00bfQu\u00e9 es el table styling?<\/h2>\t\t\t\t<\/div>\n\t\t\t\t<\/div>\n\t\t\t\t<div class=\"elementor-element elementor-element-6fa6c696 elementor-widget elementor-widget-text-editor\" data-id=\"6fa6c696\" data-element_type=\"widget\" data-widget_type=\"text-editor.default\">\n\t\t\t\t<div class=\"elementor-widget-container\">\n\t\t\t\t\t\t\t\t\t<p style=\"text-align: justify;\">El t\u00e9rmino de <strong>\u2018table styling\u2019<\/strong> se refiere a crear y personalizar el dise\u00f1o de las mesas con el objetivo de diferenciar y dar sello propio a tu evento. por lo que se \u00a0refiere a todo lo que tiene que ver con las mesas y lo que ponen encima de ellas, desde la forma, material con el que est\u00e1n hechas, lo que va encima de estas y hasta las sillas con las que se acompa\u00f1an:<\/p><p style=\"text-align: justify;\">Dise\u00f1o floral, Manteler\u00eda, Mobiliario, \u00a0Papeler\u00eda &amp; caligraf\u00eda, Vajilla &amp; cuberter\u00eda y Cristaler\u00eda<\/p>\t\t\t\t\t\t\t\t<\/div>\n\t\t\t\t<\/div>\n\t\t\t\t<div class=\"elementor-element elementor-element-28a7e50 elementor-widget elementor-widget-button\" data-id=\"28a7e50\" data-element_type=\"widget\" data-widget_type=\"button.default\">\n\t\t\t\t<div class=\"elementor-widget-container\">\n\t\t\t\t\t\t\t\t\t<div class=\"elementor-button-wrapper\">\n\t\t\t\t\t<a class=\"elementor-button elementor-button-link elementor-size-sm\" href=\"https:\/\/quintapuertadeagua.com\/contacto\/\">\n\t\t\t\t\t\t<span class=\"elementor-button-content-wrapper\">\n\t\t\t\t\t\t\t\t\t<span class=\"elementor-button-text\">Solicita una cotizaci\u00f3n<\/span>\n\t\t\t\t\t<\/span>\n\t\t\t\t\t<\/a>\n\t\t\t\t<\/div>\n\t\t\t\t\t\t\t\t<\/div>\n\t\t\t\t<\/div>\n\t\t\t\t\t<\/div>\n\t\t<\/div>\n\t\t\t\t\t<\/div>\n\t\t<\/section>\n\t\t\t\t<section class=\"elementor-section elementor-top-section elementor-element elementor-element-38e50b00 elementor-section-full_width elementor-reverse-tablet elementor-reverse-mobile elementor-section-height-default elementor-section-height-default\" data-id=\"38e50b00\" data-element_type=\"section\">\n\t\t\t\t\t\t<div class=\"elementor-container elementor-column-gap-no\">\n\t\t\t\t\t<div class=\"elementor-column elementor-col-50 elementor-top-column elementor-element elementor-element-5a8f976f\" data-id=\"5a8f976f\" data-element_type=\"column\">\n\t\t\t<div class=\"elementor-widget-wrap elementor-element-populated\">\n\t\t\t\t\t\t<div class=\"elementor-element elementor-element-5521c9e6 elementor-widget elementor-widget-heading\" data-id=\"5521c9e6\" data-element_type=\"widget\" data-widget_type=\"heading.default\">\n\t\t\t\t<div class=\"elementor-widget-container\">\n\t\t\t\t\t<h2 class=\"elementor-heading-title elementor-size-default\">M\u00fasica<\/h2>\t\t\t\t<\/div>\n\t\t\t\t<\/div>\n\t\t\t\t<div class=\"elementor-element elementor-element-396ea77d elementor-widget elementor-widget-text-editor\" data-id=\"396ea77d\" data-element_type=\"widget\" data-widget_type=\"text-editor.default\">\n\t\t\t\t<div class=\"elementor-widget-container\">\n\t\t\t\t\t\t\t\t\t<p style=\"text-align: justify;\">Contamos con diversas alianzas con empresas de entretenimiento, ya sea un grupo de m\u00fasica en vivo o un DJ, estamos seguros que la fiesta ser\u00e1 inolvidable.<\/p>\t\t\t\t\t\t\t\t<\/div>\n\t\t\t\t<\/div>\n\t\t\t\t<div class=\"elementor-element elementor-element-da7025f elementor-widget elementor-widget-button\" data-id=\"da7025f\" data-element_type=\"widget\" data-widget_type=\"button.default\">\n\t\t\t\t<div class=\"elementor-widget-container\">\n\t\t\t\t\t\t\t\t\t<div class=\"elementor-button-wrapper\">\n\t\t\t\t\t<a class=\"elementor-button elementor-button-link elementor-size-sm\" href=\"https:\/\/quintapuertadeagua.com\/contacto\/\">\n\t\t\t\t\t\t<span class=\"elementor-button-content-wrapper\">\n\t\t\t\t\t\t\t\t\t<span class=\"elementor-button-text\">Solicita una cotizaci\u00f3n<\/span>\n\t\t\t\t\t<\/span>\n\t\t\t\t\t<\/a>\n\t\t\t\t<\/div>\n\t\t\t\t\t\t\t\t<\/div>\n\t\t\t\t<\/div>\n\t\t\t\t\t<\/div>\n\t\t<\/div>\n\t\t\t\t<div class=\"elementor-column elementor-col-50 elementor-top-column elementor-element elementor-element-28df0f02\" data-id=\"28df0f02\" data-element_type=\"column\" data-settings=\"{&quot;background_background&quot;:&quot;classic&quot;}\">\n\t\t\t<div class=\"elementor-widget-wrap elementor-element-populated\">\n\t\t\t\t\t\t<div class=\"elementor-element elementor-element-4b9b2f0 elementor-widget elementor-widget-image\" data-id=\"4b9b2f0\" data-element_type=\"widget\" data-widget_type=\"image.default\">\n\t\t\t\t<div class=\"elementor-widget-container\">\n\t\t\t\t\t\t\t\t\t\t\t\t\t\t\t<img loading=\"lazy\" decoding=\"async\" width=\"627\" height=\"627\" src=\"https:\/\/quintapuertadeagua.com\/wp-content\/uploads\/2021\/10\/Quinta-puerta-agua-jardin-74-e1633230733764.png\" class=\"attachment-full size-full wp-image-4334\" alt=\"\" srcset=\"https:\/\/quintapuertadeagua.com\/wp-content\/uploads\/2021\/10\/Quinta-puerta-agua-jardin-74-e1633230733764.png 627w, https:\/\/quintapuertadeagua.com\/wp-content\/uploads\/2021\/10\/Quinta-puerta-agua-jardin-74-e1633230733764-300x300.png 300w, https:\/\/quintapuertadeagua.com\/wp-content\/uploads\/2021\/10\/Quinta-puerta-agua-jardin-74-e1633230733764-150x150.png 150w\" sizes=\"(max-width: 627px) 100vw, 627px\" \/>\t\t\t\t\t\t\t\t\t\t\t\t\t\t\t<\/div>\n\t\t\t\t<\/div>\n\t\t\t\t\t<\/div>\n\t\t<\/div>\n\t\t\t\t\t<\/div>\n\t\t<\/section>\n\t\t\t\t<section class=\"elementor-section elementor-top-section elementor-element elementor-element-38795520 elementor-section-full_width elementor-section-height-default elementor-section-height-default\" data-id=\"38795520\" data-element_type=\"section\">\n\t\t\t\t\t\t<div class=\"elementor-container elementor-column-gap-no\">\n\t\t\t\t\t<div class=\"elementor-column elementor-col-50 elementor-top-column elementor-element elementor-element-18d76c15\" data-id=\"18d76c15\" data-element_type=\"column\" data-settings=\"{&quot;background_background&quot;:&quot;classic&quot;}\">\n\t\t\t<div class=\"elementor-widget-wrap elementor-element-populated\">\n\t\t\t\t\t\t<div class=\"elementor-element elementor-element-99ba29a elementor-widget elementor-widget-image\" data-id=\"99ba29a\" data-element_type=\"widget\" data-widget_type=\"image.default\">\n\t\t\t\t<div class=\"elementor-widget-container\">\n\t\t\t\t\t\t\t\t\t\t\t\t\t\t\t<img loading=\"lazy\" decoding=\"async\" width=\"1708\" height=\"1708\" src=\"https:\/\/quintapuertadeagua.com\/wp-content\/uploads\/2021\/09\/Quinta-puerta-agua-jardin-32.png\" class=\"attachment-full size-full wp-image-4171\" alt=\"\" srcset=\"https:\/\/quintapuertadeagua.com\/wp-content\/uploads\/2021\/09\/Quinta-puerta-agua-jardin-32.png 1708w, https:\/\/quintapuertadeagua.com\/wp-content\/uploads\/2021\/09\/Quinta-puerta-agua-jardin-32-300x300.png 300w, https:\/\/quintapuertadeagua.com\/wp-content\/uploads\/2021\/09\/Quinta-puerta-agua-jardin-32-1024x1024.png 1024w, https:\/\/quintapuertadeagua.com\/wp-content\/uploads\/2021\/09\/Quinta-puerta-agua-jardin-32-150x150.png 150w, https:\/\/quintapuertadeagua.com\/wp-content\/uploads\/2021\/09\/Quinta-puerta-agua-jardin-32-768x768.png 768w, https:\/\/quintapuertadeagua.com\/wp-content\/uploads\/2021\/09\/Quinta-puerta-agua-jardin-32-1536x1536.png 1536w\" sizes=\"(max-width: 1708px) 100vw, 1708px\" \/>\t\t\t\t\t\t\t\t\t\t\t\t\t\t\t<\/div>\n\t\t\t\t<\/div>\n\t\t\t\t\t<\/div>\n\t\t<\/div>\n\t\t\t\t<div class=\"elementor-column elementor-col-50 elementor-top-column elementor-element elementor-element-5bc8285\" data-id=\"5bc8285\" data-element_type=\"column\">\n\t\t\t<div class=\"elementor-widget-wrap elementor-element-populated\">\n\t\t\t\t\t\t<div class=\"elementor-element elementor-element-ee45132 elementor-widget elementor-widget-heading\" data-id=\"ee45132\" data-element_type=\"widget\" data-widget_type=\"heading.default\">\n\t\t\t\t<div class=\"elementor-widget-container\">\n\t\t\t\t\t<h2 class=\"elementor-heading-title elementor-size-default\">Tendencias<\/h2>\t\t\t\t<\/div>\n\t\t\t\t<\/div>\n\t\t\t\t<div class=\"elementor-element elementor-element-45e277c0 elementor-widget elementor-widget-text-editor\" data-id=\"45e277c0\" data-element_type=\"widget\" data-widget_type=\"text-editor.default\">\n\t\t\t\t<div class=\"elementor-widget-container\">\n\t\t\t\t\t\t\t\t\t<p style=\"text-align: justify;\">En QPA nos esforzamos en entregar a nuestros clientes los servicios y tendencias a nivel mundial. Nuestro servicio de \u00abTable Styling\u00bb, que junto con nuestros especialistas en \u00abArte floral\u00bb y \u00abMobiliario\u201d, brindan a nuestros invitados diferentes y \u00fanicas experiencias.\u00a0<\/p>\t\t\t\t\t\t\t\t<\/div>\n\t\t\t\t<\/div>\n\t\t\t\t\t<\/div>\n\t\t<\/div>\n\t\t\t\t\t<\/div>\n\t\t<\/section>\n\t\t\t\t<\/div>\n\t\t","protected":false},"excerpt":{"rendered":"<p>Servicios Tenemos todos los servicios para su gran d\u00eda Gesti\u00f3n de Ceremonias Dentro de nuestro servicio de \u00abEvent Planner\u00bb contamos con las credenciales para gestionar la inscripci\u00f3n y registro del matrimonio civil. As\u00ed como tambi\u00e9n apoyamos a las parejas a realizar sus tr\u00e1mites religiosos con las diferentes iglesias. Solicita una cotizaci\u00f3n banquetes y alimentos Contamos [&hellip;]<\/p>\n","protected":false},"author":7,"featured_media":3903,"parent":0,"menu_order":0,"comment_status":"closed","ping_status":"closed","template":"elementor_header_footer","meta":{"footnotes":"","_joinchat":[]},"_links":{"self":[{"href":"https:\/\/quintapuertadeagua.com\/index.php?rest_route=\/wp\/v2\/pages\/1165"}],"collection":[{"href":"https:\/\/quintapuertadeagua.com\/index.php?rest_route=\/wp\/v2\/pages"}],"about":[{"href":"https:\/\/quintapuertadeagua.com\/index.php?rest_route=\/wp\/v2\/types\/page"}],"author":[{"embeddable":true,"href":"https:\/\/quintapuertadeagua.com\/index.php?rest_route=\/wp\/v2\/users\/7"}],"replies":[{"embeddable":true,"href":"https:\/\/quintapuertadeagua.com\/index.php?rest_route=%2Fwp%2Fv2%2Fcomments&post=1165"}],"version-history":[{"count":62,"href":"https:\/\/quintapuertadeagua.com\/index.php?rest_route=\/wp\/v2\/pages\/1165\/revisions"}],"predecessor-version":[{"id":5961,"href":"https:\/\/quintapuertadeagua.com\/index.php?rest_route=\/wp\/v2\/pages\/1165\/revisions\/5961"}],"wp:featuredmedia":[{"embeddable":true,"href":"https:\/\/quintapuertadeagua.com\/index.php?rest_route=\/wp\/v2\/media\/3903"}],"wp:attachment":[{"href":"https:\/\/quintapuertadeagua.com\/index.php?rest_route=%2Fwp%2Fv2%2Fmedia&parent=1165"}],"curies":[{"name":"wp","href":"https:\/\/api.w.org\/{rel}","templated":true}]}}